{"id":98,"date":"2019-07-26T18:12:17","date_gmt":"2019-07-26T15:12:17","guid":{"rendered":"http:\/\/www.citcitsacfiyatlari.com\/?page_id=98"},"modified":"2019-08-27T16:32:05","modified_gmt":"2019-08-27T13:32:05","slug":"sac-kaynak-fiyatlari","status":"publish","type":"page","link":"http:\/\/www.citcitsacfiyatlari.com\/index.php\/sac-kaynak-fiyatlari\/","title":{"rendered":"Sa\u00e7 Kaynak Fiyatlar\u0131"},"content":{"rendered":"\n<h2 class=\"wp-block-heading\">Sa\u00e7 Kaynak Fiyatlar\u0131<\/h2>\n\n\n\n<p>Sa\u00e7 kayna\u011f\u0131 fiyatlar\u0131 Sa\u00e7 Kaynak \u00c7e\u015fitlerine g\u00f6re farkl\u0131l\u0131k \ng\u00f6stermektedir. Sa\u00e7 Kaynak Sistemleri ve Sa\u00e7 Kaynak \u00c7e\u015fitlerinin \nFiyatlar\u0131 A\u015f\u015fa\u011f\u0131daki gibidir . Sa\u00e7 Kaynak 1. S\u0131n\u0131f \u0130\u015f\u00e7ilik ve 100% Do\u011fal\n Ger\u00e7ek \u0130nsan Sa\u00e7\u0131 , Remy Sa\u00e7 kullan\u0131lmaktad\u0131r ve yapt\u0131\u011f\u0131m\u0131z sa\u00e7 \nkaynaklar\u0131 garantilidir. Sa\u00e7 Kaynak Fiyatlar\u0131 \u0130stanbul<\/p>\n\n\n\n<h2 class=\"wp-block-heading\">SA\u00c7 KAYNAK MERKEZ\u0130 \u00c7A\u011eRI MERKEZ\u0130 444 3 671<\/h2>\n\n\n\n<h3 class=\"wp-block-heading\">Sa\u00e7 Kaynak Fiyatlar\u0131 Merkezimizde Uzman\u0131m\u0131z Taraf\u0131ndan Kaynak Sa\u00e7 Dahil Uygulama Fiyat\u0131d\u0131r.<\/h3>\n\n\n\n<h3 class=\"wp-block-heading\">Merkezimize Gelemiyorsan\u0131z Online <strong><a href=\"https:\/\/sachhair.com\/\" target=\"_blank\" rel=\"noreferrer noopener\" aria-label=\" (yeni sekmede a\u00e7\u0131l\u0131r)\">Sa\u00e7 Kaynak Sipari\u015fi<\/a><\/strong> Vererek G\u00fcven \u0130\u00e7erisinde Kuaf\u00f6r\u00fcn\u00fcze Kaynak Yapt\u0131rabilirsiniz.<\/h3>\n\n\n\n<p>Sa\u00e7lar\u0131n\u0131za kaynak yapt\u0131rmay\u0131 d\u00fc\u015f\u00fcn\u00fcyorsan\u0131z ve fiyat ara\u015ft\u0131rmas\u0131 yap\u0131yorsan\u0131z l\u00fctfen bu b\u00f6l\u00fcm\u00fc dikkatli okuyunuz.<br>\nSa\u00e7 Kayna\u011f\u0131 yap\u0131l\u0131rken sa\u00e7lar\u0131n\u0131za ka\u00e7 adet sa\u00e7 kaynak tak\u0131ld\u0131\u011f\u0131 de\u011fil, sa\u00e7lar\u0131n\u0131za tak\u0131lan sa\u00e7lar\u0131n toplam gramaj\u0131 \u00f6nemli.<\/p>\n\n\n\n<p>Sa\u00e7 kaynak sekt\u00f6r\u00fcnde genelde fiyat ara\u015ft\u0131rmas\u0131 yap\u0131l\u0131rken 1 adet sa\u00e7\n kayna\u011f\u0131 ka\u00e7 para ? diye soruluyor ne yaz\u0131kki tak\u0131lan sa\u00e7lar\u0131n uzunlu\u011fu \nve her bir tutam sa\u00e7taki yo\u011funluk 1 adet gramaj\u0131 \u00f6nemlidir.<br>\nE\u011fer ald\u0131\u011f\u0131n\u0131z fiyat sonucunda 0,35 gram sa\u00e7 kayna\u011f\u0131 ile 150 adet \ntak\u0131ld\u0131\u011f\u0131nda 52,5 gram sa\u00e7 yo\u011funlu\u011fu olmaktad\u0131r. Bu \u00f6rne\u011fi matemaktiksel\n bir tablo ile \u00e7o\u011faltabiliriz.<br>\nSa\u00e7lar\u0131n\u0131za tak\u0131lacak olansa\u00e7 kayna\u011f\u0131n\u0131n ortala gramaj\u0131n\u0131n 100 gram ile \nsa\u00e7\u0131n yo\u011funlu\u011funa gore 150 gram tak\u0131labilir. Fakat sa\u00e7lar\u0131n\u0131za tak\u0131lacak\n olan 200-230 adet boncuk sa\u00e7 kaynak toplamda 100gram olmayabilir. \nPiyasada verilmekte olan d\u00fc\u015f\u00fck kaynak fiyatlar\u0131 sadece ucuz bir \npazarlamadan ibarettir.<br>\nPiyasada fiyat\u0131n\u0131 ucuz kaynaklar bu farklardan kaynaklanmaktad\u0131r. Kaynak\n sa\u00e7 merkezimizde 1. S\u0131n\u0131f ham sa\u00e7 %40 fresi al\u0131narak sa\u00e7 i\u00e7indeki k\u0131sa \nsa\u00e7lar tamam\u0131 ile al\u0131narak dolu dolu <strong>sa\u00e7 kaynaklar\u0131<\/strong> tak\u0131larak sa\u00e7lar\u0131n\u0131za tak\u0131lan kaynak sa\u00e7\u0131n firesi al\u0131nd\u0131\u011f\u0131 i\u00e7in sa\u00e7 u\u00e7lar\u0131 kesinlikle ince durmamaktad\u0131r.<\/p>\n\n\n\n<p>Sa\u00e7 Kaynak uygulamalar\u0131nda bir digger \u00f6nemli unsur sa\u00e7\u0131n\u0131z\u0131n yap\u0131s\u0131na\n en uygun kaynak sa\u00e7\u0131n tak\u0131lmas\u0131 gerekir. Sa\u00e7lar\u0131n\u0131z\u0131n kal\u0131nl\u0131\u011f\u0131, \ninceli\u011fi, parlakl\u0131\u011f\u0131 veya matl\u0131\u011f\u0131 ve ise ona gore uygun bir sa\u00e7 \nse\u00e7iminin yap\u0131lmas\u0131 \u00f6nemlidir. \u0130kinci unsur ise sa\u00e7lar\u0131 dalgal\u0131, d\u00fcz vey\n a k\u0131v\u0131rc\u0131k ayn\u0131 \u00f6zelliklere sahip kalitede sa\u00e7 tak\u0131lmas\u0131 gerekir. \nProfesyonel sa\u00e7 kaynak i\u015f\u00e7ili\u011fi \u00e7ok \u00f6nemli biz buna adaptasyon kesimini \ndiyoruz; profesyonel sa\u00e7 kesimiyle b\u00fct\u00fcnle\u015ftirilmesi gerekir.<\/p>\n\n\n\n<h3 class=\"wp-block-heading\">Sa\u00e7 kayna\u011f\u0131n\u0131z\u0131 ve sa\u00e7lar\u0131n\u0131z ve kaynak sonunda adaptasyon kesimi uzman\u0131z <strong><em>Murat Koluk\u0131r\u0131k<\/em><\/strong>\n taraf\u0131ndan yap\u0131lmaktad\u0131r. L\u00fctfen Murat Koluk\u0131r\u0131k kimdir diye ara\u015ft\u0131r\u0131n \nve \u00f6zellikle kaynak sonunda sa\u00e7\u0131n\u0131z\u0131 nas\u0131l bir uzman taraf\u0131ndan \nkesilece\u011fini ara\u015ft\u0131r\u0131n. Adaptasyon kesimi kaynak fiyat\u0131na dahildir.<\/h3>\n\n\n\n<h4 class=\"wp-block-heading\">Bu sayfada verilen kaynak fiyatlar\u0131 100 gram olarak ortalam \ng\u00fcrl\u00fckteki bir sa\u00e7 i\u00e7in fikir edinmeniz amac\u0131 ile do\u011fal sa\u00e7 rengi \nkestane tonlar\u0131 i\u00e7in verilmi\u015ftir. Ne fiyat bilgisi uzman\u0131m\u0131z ile \nyapca\u011f\u0131n\u0131z \u00f6n g\u00f6r\u00fc\u015fme sonucunda net olarak size s\u00f6ylenecektir. \nSa\u00e7lar\u0131n\u0131z\u0131n rengi platin sar\u0131, r\u00f6fle, kumral karamel gibi veya daha \nfarkl\u0131 bir renkte ise sa\u00e7\u0131n\u0131za uygun boyal\u0131 olarak tak\u0131lacak olan \nkaynaklarda %10 fiyat fark\u0131 ilave edilir.<\/h4>\n","protected":false},"excerpt":{"rendered":"<p>Sa\u00e7 Kaynak Fiyatlar\u0131 Sa\u00e7 kayna\u011f\u0131 fiyatlar\u0131 Sa\u00e7 Kaynak \u00c7e\u015fitlerine g\u00f6re farkl\u0131l\u0131k g\u00f6stermektedir. Sa\u00e7 Kaynak Sistemleri ve Sa\u00e7 Kaynak \u00c7e\u015fitlerinin Fiyatlar\u0131 A\u015f\u015fa\u011f\u0131daki gibidir . Sa\u00e7 Kaynak 1. S\u0131n\u0131f \u0130\u015f\u00e7ilik ve 100% Do\u011fal Ger\u00e7ek \u0130nsan Sa\u00e7\u0131 , Remy Sa\u00e7 kullan\u0131lmaktad\u0131r ve yapt\u0131\u011f\u0131m\u0131z sa\u00e7 kaynaklar\u0131 garantilidir. Sa\u00e7 Kaynak Fiyatlar\u0131 \u0130stanbul<\/p>\n","protected":false},"author":1,"featured_media":0,"parent":0,"menu_order":0,"comment_status":"closed","ping_status":"closed","template":"","meta":{"footnotes":""},"tags":[7,5,6,4,10,9,12,11],"class_list":["post-98","page","type-page","status-publish","hentry","tag-cit-cit","tag-cit-cit-sac-fiyatlari","tag-cit-cit-sac-seti","tag-cit-cit-saclar","tag-sac-kaynagi","tag-sac-kaynak","tag-sac-kaynak-fiyatlari","tag-sac-kaynak-merkezi"],"aioseo_notices":[],"_links":{"self":[{"href":"http:\/\/www.citcitsacfiyatlari.com\/index.php\/wp-json\/wp\/v2\/pages\/98","targetHints":{"allow":["GET"]}}],"collection":[{"href":"http:\/\/www.citcitsacfiyatlari.com\/index.php\/wp-json\/wp\/v2\/pages"}],"about":[{"href":"http:\/\/www.citcitsacfiyatlari.com\/index.php\/wp-json\/wp\/v2\/types\/page"}],"author":[{"embeddable":true,"href":"http:\/\/www.citcitsacfiyatlari.com\/index.php\/wp-json\/wp\/v2\/users\/1"}],"replies":[{"embeddable":true,"href":"http:\/\/www.citcitsacfiyatlari.com\/index.php\/wp-json\/wp\/v2\/comments?post=98"}],"version-history":[{"count":1,"href":"http:\/\/www.citcitsacfiyatlari.com\/index.php\/wp-json\/wp\/v2\/pages\/98\/revisions"}],"predecessor-version":[{"id":100,"href":"http:\/\/www.citcitsacfiyatlari.com\/index.php\/wp-json\/wp\/v2\/pages\/98\/revisions\/100"}],"wp:attachment":[{"href":"http:\/\/www.citcitsacfiyatlari.com\/index.php\/wp-json\/wp\/v2\/media?parent=98"}],"wp:term":[{"taxonomy":"post_tag","embeddable":true,"href":"http:\/\/www.citcitsacfiyatlari.com\/index.php\/wp-json\/wp\/v2\/tags?post=98"}],"curies":[{"name":"wp","href":"https:\/\/api.w.org\/{rel}","templated":true}]}}