{"id":35,"date":"2019-07-26T18:11:02","date_gmt":"2019-07-26T15:11:02","guid":{"rendered":"http:\/\/www.citcitsacfiyatlari.com\/?page_id=35"},"modified":"2019-08-27T16:26:07","modified_gmt":"2019-08-27T13:26:07","slug":"mikro-kaynak","status":"publish","type":"page","link":"http:\/\/www.citcitsacfiyatlari.com\/index.php\/mikro-kaynak\/","title":{"rendered":"Mikro Kaynak"},"content":{"rendered":"\n<p><strong>Mikro Kaynak Resimleri. Mikro Kaynak Nas\u0131l Yap\u0131l\u0131lr Ad\u0131m Ad\u0131m \u0130zle.<\/strong><\/p>\n\n\n\n<ul class=\"wp-block-gallery columns-6 is-cropped wp-block-gallery-1 is-layout-flex wp-block-gallery-is-layout-flex\"><li class=\"blocks-gallery-item\"><figure><img loading=\"lazy\" decoding=\"async\" width=\"150\" height=\"150\" src=\"http:\/\/www.citcitsacfiyatlari.com\/wp-content\/uploads\/2019\/07\/MikroKaynakSa\u00e7-22-150x150.jpg\" alt=\"\" data-id=\"36\" data-link=\"http:\/\/www.citcitsacfiyatlari.com\/?attachment_id=36\" class=\"wp-image-36\"\/><\/figure><\/li><li class=\"blocks-gallery-item\"><figure><img loading=\"lazy\" decoding=\"async\" width=\"150\" height=\"150\" src=\"http:\/\/www.citcitsacfiyatlari.com\/wp-content\/uploads\/2019\/07\/MikroKaynakSa\u00e7-23-150x150.jpg\" alt=\"\" data-id=\"37\" data-link=\"http:\/\/www.citcitsacfiyatlari.com\/?attachment_id=37\" class=\"wp-image-37\"\/><\/figure><\/li><li class=\"blocks-gallery-item\"><figure><img loading=\"lazy\" decoding=\"async\" width=\"150\" height=\"150\" src=\"http:\/\/www.citcitsacfiyatlari.com\/wp-content\/uploads\/2019\/07\/MikroKaynakSa\u00e7-24-150x150.jpg\" alt=\"\" data-id=\"38\" data-link=\"http:\/\/www.citcitsacfiyatlari.com\/?attachment_id=38\" class=\"wp-image-38\"\/><\/figure><\/li><li class=\"blocks-gallery-item\"><figure><img loading=\"lazy\" decoding=\"async\" width=\"150\" height=\"150\" src=\"http:\/\/www.citcitsacfiyatlari.com\/wp-content\/uploads\/2019\/07\/MikroKaynakSa\u00e7-25-150x150.jpg\" alt=\"\" data-id=\"39\" data-link=\"http:\/\/www.citcitsacfiyatlari.com\/?attachment_id=39\" class=\"wp-image-39\"\/><\/figure><\/li><li class=\"blocks-gallery-item\"><figure><img loading=\"lazy\" decoding=\"async\" width=\"150\" height=\"150\" src=\"http:\/\/www.citcitsacfiyatlari.com\/wp-content\/uploads\/2019\/07\/MikroKaynakSa\u00e7-26-150x150.jpg\" alt=\"\" data-id=\"40\" data-link=\"http:\/\/www.citcitsacfiyatlari.com\/?attachment_id=40\" class=\"wp-image-40\"\/><\/figure><\/li><li class=\"blocks-gallery-item\"><figure><img loading=\"lazy\" decoding=\"async\" width=\"150\" height=\"150\" src=\"http:\/\/www.citcitsacfiyatlari.com\/wp-content\/uploads\/2019\/07\/MikroKaynakSa\u00e7-27-150x150.jpg\" alt=\"\" data-id=\"41\" data-link=\"http:\/\/www.citcitsacfiyatlari.com\/?attachment_id=41\" class=\"wp-image-41\"\/><\/figure><\/li><li class=\"blocks-gallery-item\"><figure><img loading=\"lazy\" decoding=\"async\" width=\"150\" height=\"150\" src=\"http:\/\/www.citcitsacfiyatlari.com\/wp-content\/uploads\/2019\/07\/MikroKaynakSa\u00e7-28-150x150.jpg\" alt=\"\" data-id=\"42\" data-link=\"http:\/\/www.citcitsacfiyatlari.com\/?attachment_id=42\" class=\"wp-image-42\"\/><\/figure><\/li><li class=\"blocks-gallery-item\"><figure><img loading=\"lazy\" decoding=\"async\" width=\"150\" height=\"150\" src=\"http:\/\/www.citcitsacfiyatlari.com\/wp-content\/uploads\/2019\/07\/MikroKaynakSa\u00e7-29-150x150.jpg\" alt=\"\" data-id=\"43\" data-link=\"http:\/\/www.citcitsacfiyatlari.com\/?attachment_id=43\" class=\"wp-image-43\"\/><\/figure><\/li><li class=\"blocks-gallery-item\"><figure><img loading=\"lazy\" decoding=\"async\" width=\"150\" height=\"150\" src=\"http:\/\/www.citcitsacfiyatlari.com\/wp-content\/uploads\/2019\/07\/MikroKaynakSa\u00e7-30-150x150.jpg\" alt=\"\" data-id=\"44\" data-link=\"http:\/\/www.citcitsacfiyatlari.com\/?attachment_id=44\" class=\"wp-image-44\"\/><\/figure><\/li><li class=\"blocks-gallery-item\"><figure><img loading=\"lazy\" decoding=\"async\" width=\"150\" height=\"150\" src=\"http:\/\/www.citcitsacfiyatlari.com\/wp-content\/uploads\/2019\/07\/MikroKaynakSa\u00e7-31-150x150.jpg\" alt=\"\" data-id=\"45\" data-link=\"http:\/\/www.citcitsacfiyatlari.com\/?attachment_id=45\" class=\"wp-image-45\"\/><\/figure><\/li><li class=\"blocks-gallery-item\"><figure><img loading=\"lazy\" decoding=\"async\" width=\"150\" height=\"150\" src=\"http:\/\/www.citcitsacfiyatlari.com\/wp-content\/uploads\/2019\/07\/MikroKaynakSa\u00e7-32-150x150.jpg\" alt=\"\" data-id=\"46\" data-link=\"http:\/\/www.citcitsacfiyatlari.com\/?attachment_id=46\" class=\"wp-image-46\"\/><\/figure><\/li><li class=\"blocks-gallery-item\"><figure><img loading=\"lazy\" decoding=\"async\" width=\"150\" height=\"150\" src=\"http:\/\/www.citcitsacfiyatlari.com\/wp-content\/uploads\/2019\/07\/MikroKaynakSa\u00e7-33-150x150.jpg\" alt=\"\" data-id=\"47\" data-link=\"http:\/\/www.citcitsacfiyatlari.com\/?attachment_id=47\" class=\"wp-image-47\"\/><\/figure><\/li><li class=\"blocks-gallery-item\"><figure><img loading=\"lazy\" decoding=\"async\" width=\"150\" height=\"150\" src=\"http:\/\/www.citcitsacfiyatlari.com\/wp-content\/uploads\/2019\/07\/MikroKaynakSa\u00e7-34-150x150.jpg\" alt=\"\" data-id=\"48\" data-link=\"http:\/\/www.citcitsacfiyatlari.com\/?attachment_id=48\" class=\"wp-image-48\"\/><\/figure><\/li><li class=\"blocks-gallery-item\"><figure><img loading=\"lazy\" decoding=\"async\" width=\"150\" height=\"150\" src=\"http:\/\/www.citcitsacfiyatlari.com\/wp-content\/uploads\/2019\/07\/MikroKaynakSa\u00e7-35-150x150.jpg\" alt=\"\" data-id=\"49\" data-link=\"http:\/\/www.citcitsacfiyatlari.com\/?attachment_id=49\" class=\"wp-image-49\"\/><\/figure><\/li><li class=\"blocks-gallery-item\"><figure><img loading=\"lazy\" decoding=\"async\" width=\"150\" height=\"150\" src=\"http:\/\/www.citcitsacfiyatlari.com\/wp-content\/uploads\/2019\/07\/MikroKaynakSa\u00e7-36-150x150.jpg\" alt=\"\" data-id=\"50\" data-link=\"http:\/\/www.citcitsacfiyatlari.com\/?attachment_id=50\" class=\"wp-image-50\"\/><\/figure><\/li><li class=\"blocks-gallery-item\"><figure><img loading=\"lazy\" decoding=\"async\" width=\"150\" height=\"150\" src=\"http:\/\/www.citcitsacfiyatlari.com\/wp-content\/uploads\/2019\/07\/MikroKaynakSa\u00e7-37-150x150.jpg\" alt=\"\" data-id=\"51\" data-link=\"http:\/\/www.citcitsacfiyatlari.com\/?attachment_id=51\" class=\"wp-image-51\"\/><\/figure><\/li><li class=\"blocks-gallery-item\"><figure><img loading=\"lazy\" decoding=\"async\" width=\"150\" height=\"150\" src=\"http:\/\/www.citcitsacfiyatlari.com\/wp-content\/uploads\/2019\/07\/MikroKaynakSa\u00e7-38-150x150.jpg\" alt=\"\" data-id=\"52\" data-link=\"http:\/\/www.citcitsacfiyatlari.com\/?attachment_id=52\" class=\"wp-image-52\"\/><\/figure><\/li><li class=\"blocks-gallery-item\"><figure><img loading=\"lazy\" decoding=\"async\" width=\"150\" height=\"150\" src=\"http:\/\/www.citcitsacfiyatlari.com\/wp-content\/uploads\/2019\/07\/MikroKaynakSa\u00e7-39-150x150.jpg\" alt=\"\" data-id=\"53\" data-link=\"http:\/\/www.citcitsacfiyatlari.com\/?attachment_id=53\" class=\"wp-image-53\"\/><\/figure><\/li><li class=\"blocks-gallery-item\"><figure><img loading=\"lazy\" decoding=\"async\" width=\"150\" height=\"150\" src=\"http:\/\/www.citcitsacfiyatlari.com\/wp-content\/uploads\/2019\/07\/MikroKaynakSa\u00e7-40-150x150.jpg\" alt=\"\" data-id=\"54\" data-link=\"http:\/\/www.citcitsacfiyatlari.com\/?attachment_id=54\" class=\"wp-image-54\"\/><\/figure><\/li><li class=\"blocks-gallery-item\"><figure><img loading=\"lazy\" decoding=\"async\" width=\"150\" height=\"150\" src=\"http:\/\/www.citcitsacfiyatlari.com\/wp-content\/uploads\/2019\/07\/MikroKaynakSa\u00e7-41-150x150.jpg\" alt=\"\" data-id=\"55\" data-link=\"http:\/\/www.citcitsacfiyatlari.com\/?attachment_id=55\" class=\"wp-image-55\"\/><\/figure><\/li><li class=\"blocks-gallery-item\"><figure><img loading=\"lazy\" decoding=\"async\" width=\"150\" height=\"150\" src=\"http:\/\/www.citcitsacfiyatlari.com\/wp-content\/uploads\/2019\/07\/MikroKaynakSa\u00e7-42-150x150.jpg\" alt=\"\" data-id=\"56\" data-link=\"http:\/\/www.citcitsacfiyatlari.com\/?attachment_id=56\" class=\"wp-image-56\"\/><\/figure><\/li><li class=\"blocks-gallery-item\"><figure><img loading=\"lazy\" decoding=\"async\" width=\"150\" height=\"150\" src=\"http:\/\/www.citcitsacfiyatlari.com\/wp-content\/uploads\/2019\/07\/MikroKaynakSa\u00e7-43-150x150.jpg\" alt=\"\" data-id=\"57\" data-link=\"http:\/\/www.citcitsacfiyatlari.com\/?attachment_id=57\" class=\"wp-image-57\"\/><\/figure><\/li><li class=\"blocks-gallery-item\"><figure><img loading=\"lazy\" decoding=\"async\" width=\"150\" height=\"150\" src=\"http:\/\/www.citcitsacfiyatlari.com\/wp-content\/uploads\/2019\/07\/MikroKaynakSa\u00e7-44-150x150.jpg\" alt=\"\" data-id=\"58\" data-link=\"http:\/\/www.citcitsacfiyatlari.com\/?attachment_id=58\" class=\"wp-image-58\"\/><\/figure><\/li><li class=\"blocks-gallery-item\"><figure><img loading=\"lazy\" decoding=\"async\" width=\"150\" height=\"150\" src=\"http:\/\/www.citcitsacfiyatlari.com\/wp-content\/uploads\/2019\/07\/MikroKaynakSa\u00e7-45-150x150.jpg\" alt=\"\" data-id=\"59\" data-link=\"http:\/\/www.citcitsacfiyatlari.com\/?attachment_id=59\" class=\"wp-image-59\"\/><\/figure><\/li><li class=\"blocks-gallery-item\"><figure><img loading=\"lazy\" decoding=\"async\" width=\"150\" height=\"150\" src=\"http:\/\/www.citcitsacfiyatlari.com\/wp-content\/uploads\/2019\/07\/MikroKaynakSa\u00e7-46-150x150.jpg\" alt=\"\" data-id=\"60\" data-link=\"http:\/\/www.citcitsacfiyatlari.com\/?attachment_id=60\" class=\"wp-image-60\"\/><\/figure><\/li><li class=\"blocks-gallery-item\"><figure><img loading=\"lazy\" decoding=\"async\" width=\"150\" height=\"150\" src=\"http:\/\/www.citcitsacfiyatlari.com\/wp-content\/uploads\/2019\/07\/MikroKaynakSa\u00e7-47-150x150.jpg\" alt=\"\" data-id=\"61\" data-link=\"http:\/\/www.citcitsacfiyatlari.com\/?attachment_id=61\" class=\"wp-image-61\"\/><\/figure><\/li><li class=\"blocks-gallery-item\"><figure><img loading=\"lazy\" decoding=\"async\" width=\"150\" height=\"150\" src=\"http:\/\/www.citcitsacfiyatlari.com\/wp-content\/uploads\/2019\/07\/MikroKaynakSa\u00e7-48-150x150.jpg\" alt=\"\" data-id=\"62\" data-link=\"http:\/\/www.citcitsacfiyatlari.com\/?attachment_id=62\" class=\"wp-image-62\"\/><\/figure><\/li><li class=\"blocks-gallery-item\"><figure><img loading=\"lazy\" decoding=\"async\" width=\"150\" height=\"150\" src=\"http:\/\/www.citcitsacfiyatlari.com\/wp-content\/uploads\/2019\/07\/MikroKaynakSa\u00e7-49-150x150.jpg\" alt=\"\" data-id=\"63\" data-link=\"http:\/\/www.citcitsacfiyatlari.com\/?attachment_id=63\" class=\"wp-image-63\"\/><\/figure><\/li><li class=\"blocks-gallery-item\"><figure><img loading=\"lazy\" decoding=\"async\" width=\"150\" height=\"150\" src=\"http:\/\/www.citcitsacfiyatlari.com\/wp-content\/uploads\/2019\/07\/MikroKaynakSa\u00e7-50-150x150.jpg\" alt=\"\" data-id=\"64\" data-link=\"http:\/\/www.citcitsacfiyatlari.com\/?attachment_id=64\" class=\"wp-image-64\"\/><\/figure><\/li><li class=\"blocks-gallery-item\"><figure><img loading=\"lazy\" decoding=\"async\" width=\"150\" height=\"150\" src=\"http:\/\/www.citcitsacfiyatlari.com\/wp-content\/uploads\/2019\/07\/MikroKaynakSa\u00e7-51-150x150.jpg\" alt=\"\" data-id=\"65\" data-link=\"http:\/\/www.citcitsacfiyatlari.com\/?attachment_id=65\" class=\"wp-image-65\"\/><\/figure><\/li><li class=\"blocks-gallery-item\"><figure><img loading=\"lazy\" decoding=\"async\" width=\"150\" height=\"150\" src=\"http:\/\/www.citcitsacfiyatlari.com\/wp-content\/uploads\/2019\/07\/MikroKaynakSa\u00e7-52-150x150.jpg\" alt=\"\" data-id=\"66\" data-link=\"http:\/\/www.citcitsacfiyatlari.com\/?attachment_id=66\" class=\"wp-image-66\"\/><\/figure><\/li><li class=\"blocks-gallery-item\"><figure><img loading=\"lazy\" decoding=\"async\" width=\"150\" height=\"150\" src=\"http:\/\/www.citcitsacfiyatlari.com\/wp-content\/uploads\/2019\/07\/MikroKaynakSa\u00e7-53-150x150.jpg\" alt=\"\" data-id=\"67\" data-link=\"http:\/\/www.citcitsacfiyatlari.com\/?attachment_id=67\" class=\"wp-image-67\"\/><\/figure><\/li><li class=\"blocks-gallery-item\"><figure><img loading=\"lazy\" decoding=\"async\" width=\"150\" height=\"150\" src=\"http:\/\/www.citcitsacfiyatlari.com\/wp-content\/uploads\/2019\/07\/MikroKaynakSa\u00e7-54-150x150.jpg\" alt=\"\" data-id=\"68\" data-link=\"http:\/\/www.citcitsacfiyatlari.com\/?attachment_id=68\" class=\"wp-image-68\"\/><\/figure><\/li><li class=\"blocks-gallery-item\"><figure><img loading=\"lazy\" decoding=\"async\" width=\"150\" height=\"150\" src=\"http:\/\/www.citcitsacfiyatlari.com\/wp-content\/uploads\/2019\/07\/MikroKaynakSa\u00e7-55-150x150.jpg\" alt=\"\" data-id=\"69\" data-link=\"http:\/\/www.citcitsacfiyatlari.com\/?attachment_id=69\" class=\"wp-image-69\"\/><\/figure><\/li><li class=\"blocks-gallery-item\"><figure><img loading=\"lazy\" decoding=\"async\" width=\"150\" height=\"150\" src=\"http:\/\/www.citcitsacfiyatlari.com\/wp-content\/uploads\/2019\/07\/MikroKaynakSa\u00e7-56-150x150.jpg\" alt=\"\" data-id=\"70\" data-link=\"http:\/\/www.citcitsacfiyatlari.com\/?attachment_id=70\" class=\"wp-image-70\"\/><\/figure><\/li><li class=\"blocks-gallery-item\"><figure><img loading=\"lazy\" decoding=\"async\" width=\"150\" height=\"150\" src=\"http:\/\/www.citcitsacfiyatlari.com\/wp-content\/uploads\/2019\/07\/MikroKaynakSa\u00e7-57-150x150.jpg\" alt=\"\" data-id=\"71\" data-link=\"http:\/\/www.citcitsacfiyatlari.com\/?attachment_id=71\" class=\"wp-image-71\"\/><\/figure><\/li><li class=\"blocks-gallery-item\"><figure><img loading=\"lazy\" decoding=\"async\" width=\"150\" height=\"150\" src=\"http:\/\/www.citcitsacfiyatlari.com\/wp-content\/uploads\/2019\/07\/MikroKaynakSa\u00e7-60-150x150.jpg\" alt=\"\" data-id=\"72\" data-link=\"http:\/\/www.citcitsacfiyatlari.com\/?attachment_id=72\" class=\"wp-image-72\"\/><\/figure><\/li><li class=\"blocks-gallery-item\"><figure><img loading=\"lazy\" decoding=\"async\" width=\"150\" height=\"150\" src=\"http:\/\/www.citcitsacfiyatlari.com\/wp-content\/uploads\/2019\/07\/MikroKaynakSa\u00e7-61-150x150.jpg\" alt=\"\" data-id=\"73\" data-link=\"http:\/\/www.citcitsacfiyatlari.com\/?attachment_id=73\" class=\"wp-image-73\"\/><\/figure><\/li><li class=\"blocks-gallery-item\"><figure><img loading=\"lazy\" decoding=\"async\" width=\"150\" height=\"150\" src=\"http:\/\/www.citcitsacfiyatlari.com\/wp-content\/uploads\/2019\/07\/MikroKaynakSa\u00e7-150x150.jpg\" alt=\"\" data-id=\"74\" data-link=\"http:\/\/www.citcitsacfiyatlari.com\/?attachment_id=74\" class=\"wp-image-74\"\/><\/figure><\/li><li class=\"blocks-gallery-item\"><figure><img loading=\"lazy\" decoding=\"async\" width=\"150\" height=\"150\" src=\"http:\/\/www.citcitsacfiyatlari.com\/wp-content\/uploads\/2019\/07\/MikroKaynakSa\u00e7-1-150x150.jpg\" alt=\"\" data-id=\"75\" data-link=\"http:\/\/www.citcitsacfiyatlari.com\/?attachment_id=75\" class=\"wp-image-75\"\/><\/figure><\/li><li class=\"blocks-gallery-item\"><figure><img loading=\"lazy\" decoding=\"async\" width=\"150\" height=\"150\" src=\"http:\/\/www.citcitsacfiyatlari.com\/wp-content\/uploads\/2019\/07\/MikroKaynakSa\u00e7-2-150x150.jpg\" alt=\"\" data-id=\"76\" data-link=\"http:\/\/www.citcitsacfiyatlari.com\/?attachment_id=76\" class=\"wp-image-76\"\/><\/figure><\/li><li class=\"blocks-gallery-item\"><figure><img loading=\"lazy\" decoding=\"async\" width=\"150\" height=\"150\" src=\"http:\/\/www.citcitsacfiyatlari.com\/wp-content\/uploads\/2019\/07\/MikroKaynakSa\u00e7-3-150x150.jpg\" alt=\"\" data-id=\"77\" data-link=\"http:\/\/www.citcitsacfiyatlari.com\/?attachment_id=77\" class=\"wp-image-77\"\/><\/figure><\/li><li class=\"blocks-gallery-item\"><figure><img loading=\"lazy\" decoding=\"async\" width=\"150\" height=\"150\" src=\"http:\/\/www.citcitsacfiyatlari.com\/wp-content\/uploads\/2019\/07\/MikroKaynakSa\u00e7-4-150x150.jpg\" alt=\"\" data-id=\"78\" data-link=\"http:\/\/www.citcitsacfiyatlari.com\/?attachment_id=78\" class=\"wp-image-78\"\/><\/figure><\/li><li class=\"blocks-gallery-item\"><figure><img loading=\"lazy\" decoding=\"async\" width=\"150\" height=\"150\" src=\"http:\/\/www.citcitsacfiyatlari.com\/wp-content\/uploads\/2019\/07\/MikroKaynakSa\u00e7-5-150x150.jpg\" alt=\"\" data-id=\"79\" data-link=\"http:\/\/www.citcitsacfiyatlari.com\/?attachment_id=79\" class=\"wp-image-79\"\/><\/figure><\/li><li class=\"blocks-gallery-item\"><figure><img loading=\"lazy\" decoding=\"async\" width=\"150\" height=\"150\" src=\"http:\/\/www.citcitsacfiyatlari.com\/wp-content\/uploads\/2019\/07\/MikroKaynakSa\u00e7-6-150x150.jpg\" alt=\"\" data-id=\"80\" data-link=\"http:\/\/www.citcitsacfiyatlari.com\/?attachment_id=80\" class=\"wp-image-80\"\/><\/figure><\/li><li class=\"blocks-gallery-item\"><figure><img loading=\"lazy\" decoding=\"async\" width=\"150\" height=\"150\" src=\"http:\/\/www.citcitsacfiyatlari.com\/wp-content\/uploads\/2019\/07\/MikroKaynakSa\u00e7-7-150x150.jpg\" alt=\"\" data-id=\"81\" data-link=\"http:\/\/www.citcitsacfiyatlari.com\/?attachment_id=81\" class=\"wp-image-81\"\/><\/figure><\/li><li class=\"blocks-gallery-item\"><figure><img loading=\"lazy\" decoding=\"async\" width=\"150\" height=\"150\" src=\"http:\/\/www.citcitsacfiyatlari.com\/wp-content\/uploads\/2019\/07\/MikroKaynakSa\u00e7-8-150x150.jpg\" alt=\"\" data-id=\"82\" data-link=\"http:\/\/www.citcitsacfiyatlari.com\/?attachment_id=82\" class=\"wp-image-82\"\/><\/figure><\/li><li class=\"blocks-gallery-item\"><figure><img loading=\"lazy\" decoding=\"async\" width=\"150\" height=\"150\" src=\"http:\/\/www.citcitsacfiyatlari.com\/wp-content\/uploads\/2019\/07\/MikroKaynakSa\u00e7-9-150x150.jpg\" alt=\"\" data-id=\"83\" data-link=\"http:\/\/www.citcitsacfiyatlari.com\/?attachment_id=83\" class=\"wp-image-83\"\/><\/figure><\/li><li class=\"blocks-gallery-item\"><figure><img loading=\"lazy\" decoding=\"async\" width=\"150\" height=\"150\" src=\"http:\/\/www.citcitsacfiyatlari.com\/wp-content\/uploads\/2019\/07\/MikroKaynakSa\u00e7-10-150x150.jpg\" alt=\"\" data-id=\"84\" data-link=\"http:\/\/www.citcitsacfiyatlari.com\/?attachment_id=84\" class=\"wp-image-84\"\/><\/figure><\/li><li class=\"blocks-gallery-item\"><figure><img loading=\"lazy\" decoding=\"async\" width=\"150\" height=\"150\" src=\"http:\/\/www.citcitsacfiyatlari.com\/wp-content\/uploads\/2019\/07\/MikroKaynakSa\u00e7-11-150x150.jpg\" alt=\"\" data-id=\"85\" data-link=\"http:\/\/www.citcitsacfiyatlari.com\/?attachment_id=85\" class=\"wp-image-85\"\/><\/figure><\/li><li class=\"blocks-gallery-item\"><figure><img loading=\"lazy\" decoding=\"async\" width=\"150\" height=\"150\" src=\"http:\/\/www.citcitsacfiyatlari.com\/wp-content\/uploads\/2019\/07\/MikroKaynakSa\u00e7-12-150x150.jpg\" alt=\"\" data-id=\"86\" data-link=\"http:\/\/www.citcitsacfiyatlari.com\/?attachment_id=86\" class=\"wp-image-86\"\/><\/figure><\/li><li class=\"blocks-gallery-item\"><figure><img loading=\"lazy\" decoding=\"async\" width=\"150\" height=\"150\" src=\"http:\/\/www.citcitsacfiyatlari.com\/wp-content\/uploads\/2019\/07\/MikroKaynakSa\u00e7-13-150x150.jpg\" alt=\"\" data-id=\"87\" data-link=\"http:\/\/www.citcitsacfiyatlari.com\/?attachment_id=87\" class=\"wp-image-87\"\/><\/figure><\/li><li class=\"blocks-gallery-item\"><figure><img loading=\"lazy\" decoding=\"async\" width=\"150\" height=\"150\" src=\"http:\/\/www.citcitsacfiyatlari.com\/wp-content\/uploads\/2019\/07\/MikroKaynakSa\u00e7-14-150x150.jpg\" alt=\"\" data-id=\"88\" data-link=\"http:\/\/www.citcitsacfiyatlari.com\/?attachment_id=88\" class=\"wp-image-88\"\/><\/figure><\/li><li class=\"blocks-gallery-item\"><figure><img loading=\"lazy\" decoding=\"async\" width=\"150\" height=\"150\" src=\"http:\/\/www.citcitsacfiyatlari.com\/wp-content\/uploads\/2019\/07\/MikroKaynakSa\u00e7-15-150x150.jpg\" alt=\"\" data-id=\"89\" data-link=\"http:\/\/www.citcitsacfiyatlari.com\/?attachment_id=89\" class=\"wp-image-89\"\/><\/figure><\/li><li class=\"blocks-gallery-item\"><figure><img loading=\"lazy\" decoding=\"async\" width=\"150\" height=\"150\" src=\"http:\/\/www.citcitsacfiyatlari.com\/wp-content\/uploads\/2019\/07\/MikroKaynakSa\u00e7-16-150x150.jpg\" alt=\"\" data-id=\"90\" data-link=\"http:\/\/www.citcitsacfiyatlari.com\/?attachment_id=90\" class=\"wp-image-90\"\/><\/figure><\/li><li class=\"blocks-gallery-item\"><figure><img loading=\"lazy\" decoding=\"async\" width=\"150\" height=\"150\" src=\"http:\/\/www.citcitsacfiyatlari.com\/wp-content\/uploads\/2019\/07\/MikroKaynakSa\u00e7-17-150x150.jpg\" alt=\"\" data-id=\"91\" data-link=\"http:\/\/www.citcitsacfiyatlari.com\/?attachment_id=91\" class=\"wp-image-91\"\/><\/figure><\/li><li class=\"blocks-gallery-item\"><figure><img loading=\"lazy\" decoding=\"async\" width=\"150\" height=\"150\" src=\"http:\/\/www.citcitsacfiyatlari.com\/wp-content\/uploads\/2019\/07\/MikroKaynakSa\u00e7-18-150x150.jpg\" alt=\"\" data-id=\"92\" data-link=\"http:\/\/www.citcitsacfiyatlari.com\/?attachment_id=92\" class=\"wp-image-92\"\/><\/figure><\/li><li class=\"blocks-gallery-item\"><figure><img loading=\"lazy\" decoding=\"async\" width=\"150\" height=\"150\" src=\"http:\/\/www.citcitsacfiyatlari.com\/wp-content\/uploads\/2019\/07\/MikroKaynakSa\u00e7-19-150x150.jpg\" alt=\"\" data-id=\"93\" data-link=\"http:\/\/www.citcitsacfiyatlari.com\/?attachment_id=93\" class=\"wp-image-93\"\/><\/figure><\/li><li class=\"blocks-gallery-item\"><figure><img loading=\"lazy\" decoding=\"async\" width=\"150\" height=\"150\" src=\"http:\/\/www.citcitsacfiyatlari.com\/wp-content\/uploads\/2019\/07\/MikroKaynakSa\u00e7-20-150x150.jpg\" alt=\"\" data-id=\"94\" data-link=\"http:\/\/www.citcitsacfiyatlari.com\/?attachment_id=94\" class=\"wp-image-94\"\/><\/figure><\/li><li class=\"blocks-gallery-item\"><figure><img loading=\"lazy\" decoding=\"async\" width=\"150\" height=\"150\" src=\"http:\/\/www.citcitsacfiyatlari.com\/wp-content\/uploads\/2019\/07\/MikroKaynakSa\u00e7-21-150x150.jpg\" alt=\"\" data-id=\"95\" data-link=\"http:\/\/www.citcitsacfiyatlari.com\/?attachment_id=95\" class=\"wp-image-95\"\/><\/figure><\/li><\/ul>\n\n\n\n<p><\/p>\n","protected":false},"excerpt":{"rendered":"<p>Mikro Kaynak Resimleri. Mikro Kaynak Nas\u0131l Yap\u0131l\u0131lr Ad\u0131m Ad\u0131m \u0130zle.<\/p>\n","protected":false},"author":1,"featured_media":0,"parent":0,"menu_order":0,"comment_status":"closed","ping_status":"closed","template":"","meta":{"footnotes":""},"tags":[7,5,6,4,8],"class_list":["post-35","page","type-page","status-publish","hentry","tag-cit-cit","tag-cit-cit-sac-fiyatlari","tag-cit-cit-sac-seti","tag-cit-cit-saclar","tag-mikro-kaynak"],"aioseo_notices":[],"_links":{"self":[{"href":"http:\/\/www.citcitsacfiyatlari.com\/index.php\/wp-json\/wp\/v2\/pages\/35","targetHints":{"allow":["GET"]}}],"collection":[{"href":"http:\/\/www.citcitsacfiyatlari.com\/index.php\/wp-json\/wp\/v2\/pages"}],"about":[{"href":"http:\/\/www.citcitsacfiyatlari.com\/index.php\/wp-json\/wp\/v2\/types\/page"}],"author":[{"embeddable":true,"href":"http:\/\/www.citcitsacfiyatlari.com\/index.php\/wp-json\/wp\/v2\/users\/1"}],"replies":[{"embeddable":true,"href":"http:\/\/www.citcitsacfiyatlari.com\/index.php\/wp-json\/wp\/v2\/comments?post=35"}],"version-history":[{"count":1,"href":"http:\/\/www.citcitsacfiyatlari.com\/index.php\/wp-json\/wp\/v2\/pages\/35\/revisions"}],"predecessor-version":[{"id":97,"href":"http:\/\/www.citcitsacfiyatlari.com\/index.php\/wp-json\/wp\/v2\/pages\/35\/revisions\/97"}],"wp:attachment":[{"href":"http:\/\/www.citcitsacfiyatlari.com\/index.php\/wp-json\/wp\/v2\/media?parent=35"}],"wp:term":[{"taxonomy":"post_tag","embeddable":true,"href":"http:\/\/www.citcitsacfiyatlari.com\/index.php\/wp-json\/wp\/v2\/tags?post=35"}],"curies":[{"name":"wp","href":"https:\/\/api.w.org\/{rel}","templated":true}]}}