{"id":26,"date":"2019-07-26T18:03:29","date_gmt":"2019-07-26T15:03:29","guid":{"rendered":"http:\/\/www.citcitsacfiyatlari.com\/?page_id=26"},"modified":"2019-08-27T16:24:23","modified_gmt":"2019-08-27T13:24:23","slug":"cit-cit","status":"publish","type":"page","link":"http:\/\/www.citcitsacfiyatlari.com\/index.php\/cit-cit\/","title":{"rendered":"\u00c7\u0131t \u00c7\u0131t"},"content":{"rendered":"\n<h4 class=\"wp-block-heading\">\u00c7\u0131t \u00c7\u0131t<\/h4>\n\n\n\n<p><em><strong>\u00c7\u0131t \u00c7\u0131t<\/strong><\/em> Tak\u0131m halinde ve tek par\u00e7a yada istenilen miktarlarda sat\u0131n alabilece\u011finiz <strong><em>\u00e7\u0131t\u00e7\u0131t posti\u015f sa\u00e7lar<\/em><\/strong> haz\u0131r sa\u00e7 sistemlerinin i\u00e7inde en \u00f6nemli yeri tutan sa\u00e7 uzatma y\u00f6ntemlerinden en \u00e7ok sat\u0131lanlar\u0131ndan bir tanesidir.<strong><em><strong><em><a href=\"https:\/\/web.archive.org\/web\/20170602173909\/http:\/\/citcitsacfiyatlari.com\/wp-content\/uploads\/2010\/10\/15.jpg\" rel=\"wp-prettyPhoto[26]\"><\/a><\/em><\/strong><\/em><\/strong><\/p>\n\n\n\n<div class=\"wp-block-image\"><figure class=\"alignleft\"><img loading=\"lazy\" decoding=\"async\" width=\"332\" height=\"500\" src=\"http:\/\/www.citcitsacfiyatlari.com\/wp-content\/uploads\/2019\/07\/15.jpg\" alt=\"\" class=\"wp-image-27\" srcset=\"http:\/\/www.citcitsacfiyatlari.com\/wp-content\/uploads\/2019\/07\/15.jpg 332w, http:\/\/www.citcitsacfiyatlari.com\/wp-content\/uploads\/2019\/07\/15-199x300.jpg 199w\" sizes=\"auto, (max-width: 332px) 100vw, 332px\" \/><figcaption>\u00c7\u0131t \u00c7\u0131t Sa\u00e7<\/figcaption><\/figure><\/div>\n\n\n\n<p> <strong>\u00c7\u0131t \u00c7\u0131t Sa\u00e7lar<\/strong> gerek kolay tak\u0131lmas\u0131 gerekse kullan\u0131m alan\u0131n\u0131n geni\u015fli\u011finden dolay\u0131 b\u00fcy\u00fck bir kitle taraf\u0131ndan tercih edilmektedir.<\/p>\n\n\n\n<p>\u00c7\u0131t \u00c7\u0131t Sa\u00e7lar\u0131 nas\u0131l kullanaca\u011f\u0131m? \u00c7IT \u00c7IT Sa\u00e7lar\u0131 devaml\u0131 kuaf\u00f6rde \nmi takt\u0131rmam gerekiyor diye sorular varsa akl\u0131n\u0131zda, hemen cevaplayal\u0131m.\n Hay\u0131r, \u00c7\u0131t \u00c7\u0131t Sa\u00e7lar\u0131 kendinizde ayna kar\u015f\u0131n\u0131za ge\u00e7erek sadece bir \ntarak yard\u0131m\u0131 ile kendiniz birka\u00e7 denemeden sonra takabilirsiniz<\/p>\n\n\n\n<p>\u00c7\u0131t \u00c7\u0131t Sipari\u015f vermeden \u00f6nce \u00e7\u0131t\u00e7\u0131t\u2019lar bilmeniz gerekenlere g\u00f6z at\u0131n.<\/p>\n\n\n\n<ul class=\"wp-block-list\"><li>\u00c7\u0131t \u00c7\u0131t Sipari\u015finden \u00f6nce sat\u0131n alaca\u011f\u0131n\u0131z yere sat\u0131n alaca\u011f\u0131n\u0131z \nsa\u00e7\u0131n ger\u00e7ek insan sa\u00e7\u0131 olup olmad\u0131\u011f\u0131n\u0131 sorun. Sentetik Sa\u00e7lar\u0131 \nboyayamaz F\u00f6n ve Sa\u00e7 Ma\u015fas\u0131 ile \u015fekil veremezsiniz.<\/li><li>\u00c7\u0131t \u00c7\u0131t Sa\u00e7lar\u0131n u\u00e7lar\u0131nda k\u0131r\u0131klar\u0131n olmas\u0131na dikkat edin. Sa\u00e7lar\u0131n\n u\u00e7lar\u0131ndaki k\u0131r\u0131klar sa\u00e7\u0131n ger\u00e7ek insan sa\u00e7\u0131 oldu\u011funu g\u00f6sterir. \nSentetik salar\u0131n u\u00e7lar\u0131 m\u00fckemmel g\u00f6r\u00fcn\u00fc\u015fl\u00fcd\u00fcr.<\/li><li>\u00c7\u0131t \u00c7\u0131t Sa\u00e7 sat\u0131n al\u0131rken asla f\u00f6n \u00e7ekilmi\u015f yada sa\u00e7 ma\u015fas\u0131 ile \n\u015fekil verilmi\u015f m\u00fckemmel g\u00f6r\u00fcn\u00fc\u015fl\u00fc sa\u00e7lar\u0131 tercih etmeyin. Bu t\u00fcr \u00e7\u0131t \u00e7\u0131t\n sa\u00e7larda sa\u00e7lar\u0131n kalitesi gizlenmektedir ve sa\u00e7lar\u0131 y\u0131kad\u0131\u011f\u0131n\u0131zda \nsa\u00e7\u0131n ger\u00e7ek formu ile kar\u015f\u0131la\u015ft\u0131\u011f\u0131n\u0131zda hayal k\u0131r\u0131kl\u0131\u011f\u0131na u\u011frars\u0131n\u0131z.<\/li><li>Asla boyal\u0131 ge\u00e7mi\u015fini bilmedi\u011finiz sa\u00e7lar\u0131 sat\u0131n almay\u0131n. E\u011fer \nboyanmas\u0131 gerekiyorsa Do\u011fal i\u015flem g\u00f6rmemi\u015f ger\u00e7ek insan sa\u00e7lar\u0131n\u0131 tercih\n edin. Bu t\u00fcr boya i\u015flemi g\u00f6rmemi\u015f sa\u00e7lar\u0131 istedi\u011fini renkte boyaya \nbilirsiniz. Boyal\u0131 sa\u00e7lar\u0131 sat\u0131n alman\u0131n ne mahsuru var diye \nsoruyorsan\u0131z hemen a\u00e7\u0131klayal\u0131. Genelde Oryal y\u00e2da \u00e7ok sert a\u00e7\u0131c\u0131lar ile \na\u00e7\u0131lm\u0131\u015f \u00e7\u0131t \u00e7\u0131t sa\u00e7lar farkl\u0131 tonlara boyanarak f\u00f6n \u00e7ekilip \u00fczerine sa\u00e7 \nserumu bak\u0131m kremleri s\u00fcr\u00fclerek parlak ve canl\u0131 bir g\u00f6r\u00fcn\u00fcm verilmi\u015ftir.\n Fakat sa\u00e7lar\u0131 y\u0131kad\u0131ktan sonra sat\u0131n ald\u0131\u011f\u0131n\u0131z \u00e7\u0131t\u00e7\u0131t sa\u00e7lardan eser \nkalmaz ve yerine mat y\u0131pranm\u0131\u015f ve devaml\u0131 f\u00f6n isteyen sa\u00e7lara b\u0131rak\u0131r. \nOysaki sat\u0131n alaca\u011f\u0131n\u0131 do\u011fal sa\u00e7larda kendiniz boyatt\u0131\u011f\u0131n\u0131zda b\u00f6yle bir \nsorunla kar\u015f\u0131la\u015fmazs\u0131n\u0131z.<\/li><\/ul>\n","protected":false},"excerpt":{"rendered":"<p>\u00c7\u0131t \u00c7\u0131t \u00c7\u0131t \u00c7\u0131t Tak\u0131m halinde ve tek par\u00e7a yada istenilen miktarlarda sat\u0131n alabilece\u011finiz \u00e7\u0131t\u00e7\u0131t posti\u015f sa\u00e7lar haz\u0131r sa\u00e7 sistemlerinin i\u00e7inde en \u00f6nemli yeri tutan sa\u00e7 uzatma y\u00f6ntemlerinden en \u00e7ok sat\u0131lanlar\u0131ndan bir tanesidir. \u00c7\u0131t \u00c7\u0131t Sa\u00e7lar gerek kolay tak\u0131lmas\u0131 gerekse kullan\u0131m alan\u0131n\u0131n geni\u015fli\u011finden dolay\u0131 b\u00fcy\u00fck bir kitle<\/p>\n","protected":false},"author":1,"featured_media":0,"parent":0,"menu_order":0,"comment_status":"closed","ping_status":"closed","template":"","meta":{"footnotes":""},"tags":[7,5,6,4],"class_list":["post-26","page","type-page","status-publish","hentry","tag-cit-cit","tag-cit-cit-sac-fiyatlari","tag-cit-cit-sac-seti","tag-cit-cit-saclar"],"aioseo_notices":[],"_links":{"self":[{"href":"http:\/\/www.citcitsacfiyatlari.com\/index.php\/wp-json\/wp\/v2\/pages\/26","targetHints":{"allow":["GET"]}}],"collection":[{"href":"http:\/\/www.citcitsacfiyatlari.com\/index.php\/wp-json\/wp\/v2\/pages"}],"about":[{"href":"http:\/\/www.citcitsacfiyatlari.com\/index.php\/wp-json\/wp\/v2\/types\/page"}],"author":[{"embeddable":true,"href":"http:\/\/www.citcitsacfiyatlari.com\/index.php\/wp-json\/wp\/v2\/users\/1"}],"replies":[{"embeddable":true,"href":"http:\/\/www.citcitsacfiyatlari.com\/index.php\/wp-json\/wp\/v2\/comments?post=26"}],"version-history":[{"count":3,"href":"http:\/\/www.citcitsacfiyatlari.com\/index.php\/wp-json\/wp\/v2\/pages\/26\/revisions"}],"predecessor-version":[{"id":31,"href":"http:\/\/www.citcitsacfiyatlari.com\/index.php\/wp-json\/wp\/v2\/pages\/26\/revisions\/31"}],"wp:attachment":[{"href":"http:\/\/www.citcitsacfiyatlari.com\/index.php\/wp-json\/wp\/v2\/media?parent=26"}],"wp:term":[{"taxonomy":"post_tag","embeddable":true,"href":"http:\/\/www.citcitsacfiyatlari.com\/index.php\/wp-json\/wp\/v2\/tags?post=26"}],"curies":[{"name":"wp","href":"https:\/\/api.w.org\/{rel}","templated":true}]}}