{"id":14,"date":"2019-07-26T17:48:32","date_gmt":"2019-07-26T14:48:32","guid":{"rendered":"http:\/\/www.citcitsacfiyatlari.com\/?page_id=14"},"modified":"2023-10-12T00:23:01","modified_gmt":"2023-10-11T21:23:01","slug":"iletisim","status":"publish","type":"page","link":"http:\/\/www.citcitsacfiyatlari.com\/index.php\/iletisim\/","title":{"rendered":"\u0130leti\u015fim"},"content":{"rendered":"<div class=\"wp-block-image\">\n<figure class=\"aligncenter\"><a href=\"http:\/\/sackaynak.com.tr\/wp-content\/uploads\/2014\/11\/sach.jpg\" rel=\"wp-prettyPhoto[14]\"><img decoding=\"async\" src=\"http:\/\/sackaynak.com.tr\/wp-content\/uploads\/2014\/11\/sach-300x200.jpg\" alt=\"sach\" class=\"wp-image-11005\"\/><\/a><\/figure><\/div>\n\n\n<figure><iframe loading=\"lazy\" src=\"https:\/\/www.google.com\/maps\/embed?pb=!1m14!1m8!1m3!1d1505.9174643436645!2d28.7957697!3d40.9850953!3m2!1i1024!2i768!4f13.1!3m3!1m2!1s0x0%3A0x3ca5197afc9a675f!2sSACH+SA%C3%87+KAYNAK+MERKEZ%C4%B0!5e0!3m2!1str!2s!4v1425428846409\" width=\"600\" height=\"450\"><\/iframe><\/figure>\n\n\n\n<p><strong>SACH &amp; VOGUE HAIR FACTORY &amp; HEAD OFFICE<\/strong><\/p>\n\n\n\n<p>\u015eenlikk\u00f6y Mah. \u00dcniversite Sok. No: 5, Florya, Bak\u0131rk\u00f6y, \u0130stanbul<\/p>\n\n\n\n<p><strong>Telefon &amp; WhatsApp: +90 532 592 88 42 \u00a0 \u00a0<\/strong><\/p>\n\n\n\n<p>Telefon:0212 542 45 85<\/p>\n","protected":false},"excerpt":{"rendered":"<p>SACH &amp; VOGUE HAIR FACTORY &amp; HEAD OFFICE \u015eenlikk\u00f6y Mah. \u00dcniversite Sok. No: 5, Florya, Bak\u0131rk\u00f6y, \u0130stanbul Telefon &amp; WhatsApp: +90 532 592 88 42 \u00a0 \u00a0 Telefon:0212 542 45 85<\/p>\n","protected":false},"author":1,"featured_media":0,"parent":0,"menu_order":0,"comment_status":"closed","ping_status":"closed","template":"page-Contact.php","meta":{"footnotes":""},"tags":[],"class_list":["post-14","page","type-page","status-publish","hentry"],"aioseo_notices":[],"_links":{"self":[{"href":"http:\/\/www.citcitsacfiyatlari.com\/index.php\/wp-json\/wp\/v2\/pages\/14","targetHints":{"allow":["GET"]}}],"collection":[{"href":"http:\/\/www.citcitsacfiyatlari.com\/index.php\/wp-json\/wp\/v2\/pages"}],"about":[{"href":"http:\/\/www.citcitsacfiyatlari.com\/index.php\/wp-json\/wp\/v2\/types\/page"}],"author":[{"embeddable":true,"href":"http:\/\/www.citcitsacfiyatlari.com\/index.php\/wp-json\/wp\/v2\/users\/1"}],"replies":[{"embeddable":true,"href":"http:\/\/www.citcitsacfiyatlari.com\/index.php\/wp-json\/wp\/v2\/comments?post=14"}],"version-history":[{"count":5,"href":"http:\/\/www.citcitsacfiyatlari.com\/index.php\/wp-json\/wp\/v2\/pages\/14\/revisions"}],"predecessor-version":[{"id":203,"href":"http:\/\/www.citcitsacfiyatlari.com\/index.php\/wp-json\/wp\/v2\/pages\/14\/revisions\/203"}],"wp:attachment":[{"href":"http:\/\/www.citcitsacfiyatlari.com\/index.php\/wp-json\/wp\/v2\/media?parent=14"}],"wp:term":[{"taxonomy":"post_tag","embeddable":true,"href":"http:\/\/www.citcitsacfiyatlari.com\/index.php\/wp-json\/wp\/v2\/tags?post=14"}],"curies":[{"name":"wp","href":"https:\/\/api.w.org\/{rel}","templated":true}]}}